{"id":4377,"date":"2026-03-10T15:23:55","date_gmt":"2026-03-10T15:23:55","guid":{"rendered":"https:\/\/paradigmpays.com\/"},"modified":"2026-03-11T05:10:46","modified_gmt":"2026-03-11T05:10:46","slug":"formulario-de-interes","status":"publish","type":"page","link":"https:\/\/paradigmpays.com\/es\/interest-form\/","title":{"rendered":"Formulario de Inter\u00e9s"},"content":{"rendered":"\t\t<div data-elementor-type=\"wp-page\" data-elementor-id=\"4377\" class=\"elementor elementor-4377\">\n\t\t\t\t<div class=\"elementor-element elementor-element-6acea34a bdt-backdrop-filter-yes e-flex e-con-boxed bdt-filter-backdrop wpr-particle-no wpr-jarallax-no wpr-parallax-no wpr-sticky-section-no wpr-equal-height-no e-con e-parent\" data-id=\"6acea34a\" data-element_type=\"container\" data-e-type=\"container\" data-settings=\"{&quot;background_background&quot;:&quot;classic&quot;}\">\n\t\t\t\t\t<div class=\"e-con-inner\">\n\t\t<div class=\"elementor-element elementor-element-44a047be e-con-full e-flex wpr-particle-no wpr-jarallax-no wpr-parallax-no wpr-sticky-section-no wpr-equal-height-no e-con e-child\" data-id=\"44a047be\" data-element_type=\"container\" data-e-type=\"container\">\n\t\t\t\t<div class=\"elementor-element elementor-element-5de046dc elementor-widget-tablet__width-initial elementor-widget elementor-widget-heading\" data-id=\"5de046dc\" data-element_type=\"widget\" data-e-type=\"widget\" data-widget_type=\"heading.default\">\n\t\t\t\t<div class=\"elementor-widget-container\">\n\t\t\t\t\t<h1 class=\"elementor-heading-title elementor-size-default\">Join a <span class=\"green-underline\">Clinical Trial<\/span> With Paradigm<\/h1>\t\t\t\t<\/div>\n\t\t\t\t<\/div>\n\t\t\t\t<\/div>\n\t\t\t\t\t<\/div>\n\t\t\t\t<\/div>\n\t\t<div class=\"elementor-element elementor-element-7064b46 e-flex e-con-boxed wpr-particle-no wpr-jarallax-no wpr-parallax-no wpr-sticky-section-no wpr-equal-height-no e-con e-parent\" data-id=\"7064b46\" data-element_type=\"container\" data-e-type=\"container\">\n\t\t\t\t\t<div class=\"e-con-inner\">\n\t\t\t\t<div class=\"elementor-element elementor-element-47adb47 elementor-widget__width-initial elementor-widget-tablet__width-inherit elementor-widget elementor-widget-text-editor\" data-id=\"47adb47\" data-element_type=\"widget\" data-e-type=\"widget\" data-widget_type=\"text-editor.default\">\n\t\t\t\t<div class=\"elementor-widget-container\">\n\t\t\t\t\t\t\t\t\t<p><span style=\"font-weight: 400;\">Thank you for your interest in learning more about clinical trials with Paradigm. Please complete the form below and a member of the Paradigm team will contact you.\u00a0<\/span><\/p>\t\t\t\t\t\t\t\t<\/div>\n\t\t\t\t<\/div>\n\t\t\t\t<div class=\"elementor-element elementor-element-fa9c1f6 elementor-widget elementor-widget-shortcode\" data-id=\"fa9c1f6\" data-element_type=\"widget\" data-e-type=\"widget\" data-widget_type=\"shortcode.default\">\n\t\t\t\t<div class=\"elementor-widget-container\">\n\t\t\t\t\t\t\t<div class=\"elementor-shortcode\"><div class=\"frm_forms  with_frm_style frm_style_formidable-style\" id=\"frm_form_3_container\" data-token=\"d82e6b935bfaefda094083f810106ccc\">\n<form enctype=\"multipart\/form-data\" method=\"post\" class=\"frm-show-form \" id=\"form_interest-form\" data-token=\"d82e6b935bfaefda094083f810106ccc\">\n<div class=\"frm_form_fields \">\n<fieldset>\n<legend class=\"frm_screen_reader\">Interest Form<\/legend>\r\n\r\n<div class=\"frm_fields_container\">\n<input type=\"hidden\" name=\"frm_action\" value=\"create\" \/>\n<input type=\"hidden\" name=\"form_id\" value=\"3\" \/>\n<input type=\"hidden\" name=\"frm_hide_fields_3\" id=\"frm_hide_fields_3\" value=\"\" \/>\n<input type=\"hidden\" name=\"form_key\" value=\"interest-form\" \/>\n<input type=\"hidden\" name=\"item_meta[0]\" value=\"\" \/>\n<input type=\"hidden\" id=\"frm_submit_entry_3\" name=\"frm_submit_entry_3\" value=\"5f4c3df376\" \/><input type=\"hidden\" name=\"_wp_http_referer\" value=\"\/es\/wp-json\/wp\/v2\/pages\/4377\" \/><div id=\"frm_field_8_container\" class=\"frm_form_field form-field  frm_required_field frm_top_container\">\r\n\t<div  id=\"field_name_label\" class=\"frm_primary_label\">Name\r\n\t\t<span class=\"frm_required\" aria-hidden=\"true\">*<\/span>\r\n\t<\/div>\r\n\t<fieldset aria-labelledby=\"field_name_label\">\n\t<legend class=\"frm_screen_reader frm_hidden\">\n\t\tName\t<\/legend>\n\n\t<div  class=\"frm_combo_inputs_container\" id=\"frm_combo_inputs_container_8\" data-name-layout=\"first_last\">\n\t\t\t\t\t<div\n\t\t\t\tid=\"frm_field_8-first_container\"\n\t\t\t\tclass=\"frm_form_field form-field frm_form_subfield-first  frm6\"\n\t\t\t\tdata-sub-field-name=\"first\"\n\t\t\t>\n\t\t\t\t<label for=\"field_name_first\" class=\"frm_screen_reader frm_hidden\">\n\t\t\t\t\tFirst Name\t\t\t\t<\/label>\n\n\t\t\t\t<input  type=\"text\" id=\"field_name_first\" value=\"\" name=\"item_meta[8][first]\" autocomplete=\"given-name\" data-reqmsg=\"Name cannot be blank.\" aria-required=\"true\" data-invmsg=\"Name is invalid\" aria-invalid=\"false\"  \/><div class=\"frm_description\" id=\"frm_field_8_first_desc\">First Name<\/div>\t\t\t<\/div>\n\t\t\t\t\t\t<div\n\t\t\t\tid=\"frm_field_8-last_container\"\n\t\t\t\tclass=\"frm_form_field form-field frm_form_subfield-last  frm6\"\n\t\t\t\tdata-sub-field-name=\"last\"\n\t\t\t>\n\t\t\t\t<label for=\"field_name_last\" class=\"frm_screen_reader frm_hidden\">\n\t\t\t\t\tLast Name\t\t\t\t<\/label>\n\n\t\t\t\t<input  type=\"text\" id=\"field_name_last\" value=\"\" name=\"item_meta[8][last]\" autocomplete=\"family-name\" data-reqmsg=\"Name cannot be blank.\" aria-required=\"true\" data-invmsg=\"Name is invalid\" aria-invalid=\"false\"  \/><div class=\"frm_description\" id=\"frm_field_8_last_desc\">Last Name<\/div>\t\t\t<\/div>\n\t\t\t\t<\/div>\n<\/fieldset>\n\r\n\t\r\n\t\r\n<\/div>\n<div id=\"frm_field_9_container\" class=\"frm_form_field form-field  frm_required_field frm_top_container frm6 frm_first\">\r\n\t<label for=\"field_email\" id=\"field_email_label\" class=\"frm_primary_label\">Email\r\n\t\t<span class=\"frm_required\" aria-hidden=\"true\">*<\/span>\r\n\t<\/label>\r\n\t<input type=\"email\" id=\"field_email\" name=\"item_meta[9]\" value=\"\"  data-reqmsg=\"Email cannot be blank.\" aria-required=\"true\" data-invmsg=\"Email is invalid\" aria-invalid=\"false\"  \/>\r\n\t\r\n\t\r\n<\/div>\n<div id=\"frm_field_10_container\" class=\"frm_form_field form-field  frm_required_field frm_top_container frm6\">\r\n\t<label for=\"field_mobile-phone\" id=\"field_mobile-phone_label\" class=\"frm_primary_label\">Mobile Phone\r\n\t\t<span class=\"frm_required\" aria-hidden=\"true\">*<\/span>\r\n\t<\/label>\r\n\t<input type=\"tel\" id=\"field_mobile-phone\" name=\"item_meta[10]\" value=\"\"  data-reqmsg=\"Mobile Phone cannot be blank.\" aria-required=\"true\" data-invmsg=\"Mobile Phone is invalid\" aria-invalid=\"false\" pattern=\"((\\+\\d{1,3}(-|.| )?\\(?\\d\\)?(-| |.)?\\d{1,5})|(\\(?\\d{2,6}\\)?))(-|.| )?(\\d{3,4})(-|.| )?(\\d{4})(( x| ext)\\d{1,5}){0,1}$\"  \/>\r\n\t\r\n\t\r\n<\/div>\n<div id=\"frm_field_11_container\" class=\"frm_form_field form-field  frm_required_field frm_top_container frm6 frm_first\">\r\n\t<label for=\"field_7099m\" id=\"field_7099m_label\" class=\"frm_primary_label\">ZIP \/ Postal Code\r\n\t\t<span class=\"frm_required\" aria-hidden=\"true\">*<\/span>\r\n\t<\/label>\r\n\t<input type=\"number\" id=\"field_7099m\" name=\"item_meta[11]\" value=\"\"  data-reqmsg=\"ZIP \/ Postal Code cannot be blank.\" aria-required=\"true\" data-invmsg=\"ZIP \/ Postal Code is invalid\" aria-invalid=\"false\"   min=\"0\" max=\"99999\" step=\"any\"\/>\r\n\t\r\n\t\r\n<\/div>\n<div id=\"frm_field_12_container\" class=\"frm_form_field form-field  frm_required_field frm_top_container frm6\">\r\n\t<label for=\"field_age\" id=\"field_age_label\" class=\"frm_primary_label\">Age\r\n\t\t<span class=\"frm_required\" aria-hidden=\"true\">*<\/span>\r\n\t<\/label>\r\n\t<input type=\"number\" id=\"field_age\" name=\"item_meta[12]\" value=\"\"  data-reqmsg=\"Age cannot be blank.\" aria-required=\"true\" data-invmsg=\"Age is invalid\" aria-invalid=\"false\"   min=\"0\" max=\"99\" step=\"any\"\/>\r\n\t\r\n\t\r\n<\/div>\n<div id=\"frm_field_15_container\" class=\"frm_form_field form-field  frm_required_field frm_top_container frm6 frm_first\">\r\n\t<label for=\"field_language\" id=\"field_language_label\" class=\"frm_primary_label\">Primary Language\r\n\t\t<span class=\"frm_required\" aria-hidden=\"true\">*<\/span>\r\n\t<\/label>\r\n\t\t\t<select name=\"item_meta[15]\" id=\"field_language\"  placeholder=\"Please Select One\" data-reqmsg=\"Primary Language cannot be blank.\" aria-required=\"true\" data-invmsg=\"Primary Language is invalid\" aria-invalid=\"false\"  >\n\t\t<option  class=\"frm-select-placeholder\" value=\"\" data-placeholder=\"true\">Please Select One<\/option><option  value=\"English\">English<\/option><option  value=\"Spanish\">Spanish<\/option>\t<\/select>\n\t\r\n\t\r\n\t\r\n<\/div>\n<div id=\"frm_field_16_container\" class=\"frm_form_field form-field  frm_required_field frm_top_container frm6\">\r\n\t<label for=\"field_contact-time\" id=\"field_contact-time_label\" class=\"frm_primary_label\">Preferred Contact Time\r\n\t\t<span class=\"frm_required\" aria-hidden=\"true\">*<\/span>\r\n\t<\/label>\r\n\t\t\t<select name=\"item_meta[16]\" id=\"field_contact-time\"  placeholder=\"Please Select One\" data-reqmsg=\"Preferred Contact Time cannot be blank.\" aria-required=\"true\" data-invmsg=\"Preferred Contact Time is invalid\" aria-invalid=\"false\"  >\n\t\t<option  class=\"frm-select-placeholder\" value=\"\" data-placeholder=\"true\">Please Select One<\/option><option  value=\"Morning\">Morning<\/option><option  value=\"Afternoon\">Afternoon<\/option><option  value=\"Evening\">Evening<\/option>\t<\/select>\n\t\r\n\t\r\n\t\r\n<\/div>\n<div id=\"frm_field_21_container\" class=\"frm_form_field form-field  frm_required_field frm_top_container\">\r\n\t<label for=\"field_djfho\" id=\"field_djfho_label\" class=\"frm_primary_label\">Preferred method for us to reach you\r\n\t\t<span class=\"frm_required\" aria-hidden=\"true\">*<\/span>\r\n\t<\/label>\r\n\t\t\t<select name=\"item_meta[21]\" id=\"field_djfho\"  placeholder=\"Please Select One\" data-reqmsg=\"Preferred method for us to reach you cannot be blank.\" aria-required=\"true\" data-invmsg=\"Preferred method for us to reach you is invalid\" aria-invalid=\"false\"  >\n\t\t<option  class=\"frm-select-placeholder\" value=\"\" data-placeholder=\"true\">Please Select One<\/option><option  value=\"Email\">Email<\/option><option  value=\"Phone\">Phone<\/option><option  value=\"Text\">Text<\/option>\t<\/select>\n\t\r\n\t\r\n\t\r\n<\/div>\n<div id=\"frm_field_18_container\" class=\"frm_form_field form-field  frm_required_field frm_top_container vertical_radio\">\r\n\t<div  id=\"field_privacy-policy_label\" class=\"frm_primary_label\">I agree to Paradigm's Privacy Policy\r\n\t\t<span class=\"frm_required\" aria-hidden=\"true\">*<\/span>\r\n\t<\/div>\r\n\t<div class=\"frm_opt_container\" aria-labelledby=\"field_privacy-policy_label\" role=\"radiogroup\" aria-required=\"true\">\t\t<div class=\"frm_radio\" id=\"frm_radio_18-0\">\t\t\t<label  for=\"field_privacy-policy-0\">\n\t\t\t\t\t<input type=\"radio\" name=\"item_meta[18]\" id=\"field_privacy-policy-0\" value=\"Yes\"\n\t\t data-reqmsg=\"I agree to Paradigm&#039;s Privacy Policy cannot be blank.\" data-invmsg=\"I agree to Paradigm&#039;s Privacy Policy is invalid\"   \/> Yes<\/label><\/div>\n<\/div>\r\n\t\r\n\t\r\n<\/div>\n<div id=\"frm_field_22_container\" class=\"frm_form_field form-field  frm_none_container\">\r\n\t<label for=\"g-recaptcha-response\" id=\"field_astuo_label\" class=\"frm_primary_label\">Captcha\r\n\t\t<span class=\"frm_required\" aria-hidden=\"true\"><\/span>\r\n\t<\/label>\r\n\t<div  id=\"field_astuo\" class=\"frm-g-recaptcha\" data-sitekey=\"6LfSfIcsAAAAAFO8q53Pp0DwhXWBD4fDmsHA-dpG\" data-size=\"normal\" data-theme=\"light\"><\/div>\r\n\t\r\n\t\r\n<\/div>\n<div id=\"frm_field_7_container\" class=\"frm_form_field form-field \">\r\n\t<div class=\"frm_submit frm_flex\">\r\n<button class=\"frm_button_submit\" type=\"submit\"  >Submit<\/button>\r\n\r\n\r\n\r\n<\/div>\r\n<\/div>\n\t<input type=\"hidden\" name=\"item_key\" value=\"\" \/>\n\t\t\t<div id=\"frm_field_23_container\">\n\t\t\t<label for=\"field_pwan8\" >\n\t\t\t\tIf you are human, leave this field blank.\t\t\t<\/label>\n\t\t\t<input  id=\"field_pwan8\" type=\"text\" class=\"frm_form_field form-field frm_verify\" name=\"item_meta[23]\" value=\"\"  \/>\n\t\t<\/div>\n\t\t<input name=\"frm_state\" type=\"hidden\" value=\"3zGUHxbOCWztY3qeTPxyUerWofVAZsBoqN3vJeLUou0=\" \/><\/div>\n<\/fieldset>\n<\/div>\n\n<\/form>\n<\/div>\n<\/div>\n\t\t\t\t\t\t<\/div>\n\t\t\t\t<\/div>\n\t\t\t\t<div class=\"elementor-element elementor-element-18ee4e0 elementor-widget elementor-widget-text-editor\" data-id=\"18ee4e0\" data-element_type=\"widget\" data-e-type=\"widget\" data-widget_type=\"text-editor.default\">\n\t\t\t\t<div class=\"elementor-widget-container\">\n\t\t\t\t\t\t\t\t\t<p><i style=\"font-size: .6rem;\">By submitting this form, you consent to receiving text, call, or email communications from Paradigm Clinical Research.\u00a0<\/i><i style=\"font-size: .6rem;\">Message and data rates may apply.<\/i><\/p><p><b>Learn more at<\/b><span style=\"font-weight: 400;\">: <\/span><a href=\"\/join-a-study\/\"><span style=\"font-weight: 400;\">https:\/\/paradigmpays.com\/join-a-study\/<\/span><\/a><\/p><p><b>Reach us directly at:<\/b><span style=\"font-weight: 400;\">\u00a0<\/span><\/p><p><span style=\"font-weight: 400;\">Phone: (530) 247-7049\u00a0<\/span><\/p><p><span style=\"font-weight: 400;\">Email: <a href=\"mailto:info@paradigm-research.com\">info@paradigm-research.com<\/a><\/span><\/p>\t\t\t\t\t\t\t\t<\/div>\n\t\t\t\t<\/div>\n\t\t\t\t\t<\/div>\n\t\t\t\t<\/div>\n\t\t\t\t<\/div>\n\t\t","protected":false},"excerpt":{"rendered":"<p>\u00danase a un ensayo cl\u00ednico con Paradigm\nGracias por su inter\u00e9s en aprender m\u00e1s sobre los ensayos cl\u00ednicos con Paradigm.\nPor favor, complete el siguiente formulario y un miembro del equipo de Paradigm se pondr\u00e1 en contacto con usted.\nAl enviar este formulario, usted consiente en recibir comunicaciones por mensaje de texto, llamada telef\u00f3nica o correo electr\u00f3nico de Paradigm Clinical Research. Pueden aplicarse tarifas de mensajes y datos.\nObtenga m\u00e1s informaci\u00f3n en: https:\/\/paradigmpays.com\/join-a-study\/\nCont\u00e1ctenos directamente en:\nTel\u00e9fono: (530) 247-7049\nCorreo electr\u00f3nico: info@paradigm-research.com<\/p>","protected":false},"author":2,"featured_media":0,"parent":0,"menu_order":0,"comment_status":"closed","ping_status":"closed","template":"","meta":{"footnotes":""},"class_list":["post-4377","page","type-page","status-publish","hentry"],"yoast_head":"<!-- This site is optimized with the Yoast SEO plugin v27.5 - https:\/\/yoast.com\/product\/yoast-seo-wordpress\/ -->\n<title>Interest Form - Participate with Paradigm<\/title>\n<meta name=\"robots\" content=\"index, follow, max-snippet:-1, max-image-preview:large, max-video-preview:-1\" \/>\n<link rel=\"canonical\" href=\"https:\/\/paradigmpays.com\/es\/formulario-de-interes\/\" \/>\n<meta property=\"og:locale\" content=\"es_MX\" \/>\n<meta property=\"og:type\" content=\"article\" \/>\n<meta property=\"og:title\" content=\"Interest Form - Participate with Paradigm\" \/>\n<meta property=\"og:description\" content=\"Join a Clinical Trial With Paradigm Thank you for your interest in learning more about clinical trials with Paradigm. Please complete the form below and a member of the Paradigm team will contact you.\u00a0 By submitting this form, you consent to receiving text, call, or email communications from Paradigm Clinical Research.\u00a0Message and data rates may apply. Learn more at: https:\/\/paradigmpays.com\/join-a-study\/ Reach us directly at:\u00a0 Phone: (530) 247-7049\u00a0 Email: info@paradigm-research.com\" \/>\n<meta property=\"og:url\" content=\"https:\/\/paradigmpays.com\/es\/formulario-de-interes\/\" \/>\n<meta property=\"og:site_name\" content=\"Participate with Paradigm\" \/>\n<meta property=\"article:modified_time\" content=\"2026-03-11T05:10:46+00:00\" \/>\n<meta name=\"twitter:card\" content=\"summary_large_image\" \/>\n<meta name=\"twitter:label1\" content=\"Tiempo de lectura\" \/>\n\t<meta name=\"twitter:data1\" content=\"1 minuto\" \/>\n<!-- \/ Yoast SEO plugin. -->","yoast_head_json":{"title":"Formulario de Inter\u00e9s - Participa con Paradigm","robots":{"index":"index","follow":"follow","max-snippet":"max-snippet:-1","max-image-preview":"max-image-preview:large","max-video-preview":"max-video-preview:-1"},"canonical":"https:\/\/paradigmpays.com\/es\/formulario-de-interes\/","og_locale":"es_MX","og_type":"article","og_title":"Interest Form - Participate with Paradigm","og_description":"Join a Clinical Trial With Paradigm Thank you for your interest in learning more about clinical trials with Paradigm. Please complete the form below and a member of the Paradigm team will contact you.\u00a0 By submitting this form, you consent to receiving text, call, or email communications from Paradigm Clinical Research.\u00a0Message and data rates may apply. Learn more at: https:\/\/paradigmpays.com\/join-a-study\/ Reach us directly at:\u00a0 Phone: (530) 247-7049\u00a0 Email: info@paradigm-research.com","og_url":"https:\/\/paradigmpays.com\/es\/formulario-de-interes\/","og_site_name":"Participate with Paradigm","article_modified_time":"2026-03-11T05:10:46+00:00","twitter_card":"summary_large_image","twitter_misc":{"Tiempo de lectura":"1 minuto"},"schema":{"@context":"https:\/\/schema.org","@graph":[{"@type":"WebPage","@id":"https:\/\/paradigmpays.com\/interest-form\/","url":"https:\/\/paradigmpays.com\/interest-form\/","name":"Formulario de Inter\u00e9s - Participa con Paradigm","isPartOf":{"@id":"https:\/\/paradigmpays.com\/#website"},"datePublished":"2026-03-10T15:23:55+00:00","dateModified":"2026-03-11T05:10:46+00:00","breadcrumb":{"@id":"https:\/\/paradigmpays.com\/interest-form\/#breadcrumb"},"inLanguage":"es","potentialAction":[{"@type":"ReadAction","target":["https:\/\/paradigmpays.com\/interest-form\/"]}]},{"@type":"BreadcrumbList","@id":"https:\/\/paradigmpays.com\/interest-form\/#breadcrumb","itemListElement":[{"@type":"ListItem","position":1,"name":"Home","item":"https:\/\/paradigmpays.com\/"},{"@type":"ListItem","position":2,"name":"Interest Form"}]},{"@type":"WebSite","@id":"https:\/\/paradigmpays.com\/#website","url":"https:\/\/paradigmpays.com\/","name":"Participe con Paradigm","description":"Participe en un ensayo cl\u00ednico en Paradigm Clinical Research y contribuya al avance de nuevos tratamientos.","publisher":{"@id":"https:\/\/paradigmpays.com\/#organization"},"potentialAction":[{"@type":"SearchAction","target":{"@type":"EntryPoint","urlTemplate":"https:\/\/paradigmpays.com\/?s={search_term_string}"},"query-input":{"@type":"PropertyValueSpecification","valueRequired":true,"valueName":"search_term_string"}}],"inLanguage":"es"},{"@type":"Organization","@id":"https:\/\/paradigmpays.com\/#organization","name":"Participe con Paradigm","url":"https:\/\/paradigmpays.com\/","logo":{"@type":"ImageObject","inLanguage":"es","@id":"https:\/\/paradigmpays.com\/#\/schema\/logo\/image\/","url":"https:\/\/paradigmpays.com\/wp-content\/uploads\/2025\/06\/cropped-Paradigm-Logo.png","contentUrl":"https:\/\/paradigmpays.com\/wp-content\/uploads\/2025\/06\/cropped-Paradigm-Logo.png","width":200,"height":48,"caption":"Participate with Paradigm"},"image":{"@id":"https:\/\/paradigmpays.com\/#\/schema\/logo\/image\/"}}]}},"_links":{"self":[{"href":"https:\/\/paradigmpays.com\/es\/wp-json\/wp\/v2\/pages\/4377","targetHints":{"allow":["GET"]}}],"collection":[{"href":"https:\/\/paradigmpays.com\/es\/wp-json\/wp\/v2\/pages"}],"about":[{"href":"https:\/\/paradigmpays.com\/es\/wp-json\/wp\/v2\/types\/page"}],"author":[{"embeddable":true,"href":"https:\/\/paradigmpays.com\/es\/wp-json\/wp\/v2\/users\/2"}],"replies":[{"embeddable":true,"href":"https:\/\/paradigmpays.com\/es\/wp-json\/wp\/v2\/comments?post=4377"}],"version-history":[{"count":20,"href":"https:\/\/paradigmpays.com\/es\/wp-json\/wp\/v2\/pages\/4377\/revisions"}],"predecessor-version":[{"id":4416,"href":"https:\/\/paradigmpays.com\/es\/wp-json\/wp\/v2\/pages\/4377\/revisions\/4416"}],"wp:attachment":[{"href":"https:\/\/paradigmpays.com\/es\/wp-json\/wp\/v2\/media?parent=4377"}],"curies":[{"name":"wp","href":"https:\/\/api.w.org\/{rel}","templated":true}]}}